{"id":8289,"date":"2025-04-02T17:39:34","date_gmt":"2025-04-02T20:39:34","guid":{"rendered":"https:\/\/macaricohonest.com.br\/loja-de-narguiles\/macarico-honest-com-2-chamas-preto\/"},"modified":"2026-04-15T10:32:43","modified_gmt":"2026-04-15T13:32:43","slug":"macarico-honest-com-2-chamas-preto-bcz162pt","status":"publish","type":"product","link":"https:\/\/macaricohonest.com.br\/?product=macarico-honest-com-2-chamas-preto-bcz162pt","title":{"rendered":"Ma\u00e7arico Honest 2 chamas, preto &#8211; BCZ162PT"},"content":{"rendered":"<p>Ma\u00e7arico Honest com 2 chamas preto BCZ162PT<\/p>\n<p>Material:\u00a0Metal<\/p>\n<p>Dimens\u00f5es do ma\u00e7arico:\u00a08,7 x 4 x 1,8cm<\/p>\n<p>Cor: Preto<\/p>\n<p>Ma\u00e7arico para charuto com 2 chamas, preto com qualidade Honest. Recarreg\u00e1vel a g\u00e1s butano e chama ajust\u00e1vel.<\/p>\n<p>Obs.: O ma\u00e7arico ser\u00e1 enviado sem carga devido a regras dos Correios.<\/p>\n","protected":false},"excerpt":{"rendered":"<p>Ma\u00e7arico para charuto com 2 chamas, preto com qualidade Honest. Recarreg\u00e1vel a g\u00e1s butano e chama ajust\u00e1vel.<\/p>\n","protected":false},"featured_media":20096,"template":"","meta":{"inline_featured_image":false},"product_brand":[],"product_cat":[125],"product_tag":[],"class_list":{"0":"post-8289","1":"product","2":"type-product","3":"status-publish","4":"has-post-thumbnail","6":"product_cat-macarico-honest-acessorios-para-charuto-em-sp","8":"entry","9":"has-media","11":"first","12":"instock","13":"shipping-taxable","14":"purchasable","15":"product-type-simple","16":"has-product-nav","17":"col","18":"span_1_of_3","19":"owp-content-center","20":"owp-thumbs-layout-horizontal","21":"owp-btn-normal","22":"owp-tabs-layout-horizontal","24":"circle-sale"},"yoast_head":"<!-- This site is optimized with the Yoast SEO plugin v23.8 - https:\/\/yoast.com\/wordpress\/plugins\/seo\/ -->\n<title>Ma\u00e7arico Honest com 2 chamas preto BCZ162PT<\/title>\n<meta name=\"description\" content=\"Ma\u00e7arico para charuto com 2 chamas, preto com qualidade Honest. Recarreg\u00e1vel a g\u00e1s butano e chama ajust\u00e1vel.\" \/>\n<meta name=\"robots\" content=\"index, follow, max-snippet:-1, max-image-preview:large, max-video-preview:-1\" \/>\n<link rel=\"canonical\" href=\"https:\/\/macaricohonest.com.br\/?product=macarico-honest-com-2-chamas-preto-bcz162pt\" \/>\n<meta property=\"og:locale\" content=\"pt_BR\" \/>\n<meta property=\"og:type\" content=\"article\" \/>\n<meta property=\"og:title\" content=\"Ma\u00e7arico Honest com 2 chamas preto BCZ162PT\" \/>\n<meta property=\"og:description\" content=\"Ma\u00e7arico para charuto com 2 chamas, preto com qualidade Honest. Recarreg\u00e1vel a g\u00e1s butano e chama ajust\u00e1vel.\" \/>\n<meta property=\"og:url\" content=\"https:\/\/macaricohonest.com.br\/?product=macarico-honest-com-2-chamas-preto-bcz162pt\" \/>\n<meta property=\"og:site_name\" content=\"Ma\u00e7aricos e Isqueiros Honest\" \/>\n<meta property=\"article:modified_time\" content=\"2026-04-15T13:32:43+00:00\" \/>\n<meta property=\"og:image\" content=\"https:\/\/macaricohonest.com.br\/wp-content\/uploads\/2019\/12\/337-54.png\" \/>\n\t<meta property=\"og:image:width\" content=\"1080\" \/>\n\t<meta property=\"og:image:height\" content=\"1350\" \/>\n\t<meta property=\"og:image:type\" content=\"image\/png\" \/>\n<meta name=\"twitter:card\" content=\"summary_large_image\" \/>\n<meta name=\"twitter:label1\" content=\"Est. tempo de leitura\" \/>\n\t<meta name=\"twitter:data1\" content=\"1 minuto\" \/>\n<script type=\"application\/ld+json\" class=\"yoast-schema-graph\">{\"@context\":\"https:\/\/schema.org\",\"@graph\":[{\"@type\":\"WebPage\",\"@id\":\"https:\/\/macaricohonest.com.br\/?product=macarico-honest-com-2-chamas-preto-bcz162pt\",\"url\":\"https:\/\/macaricohonest.com.br\/?product=macarico-honest-com-2-chamas-preto-bcz162pt\",\"name\":\"Ma\u00e7arico Honest com 2 chamas preto BCZ162PT\",\"isPartOf\":{\"@id\":\"https:\/\/macaricohonest.com.br\/#website\"},\"primaryImageOfPage\":{\"@id\":\"https:\/\/macaricohonest.com.br\/?product=macarico-honest-com-2-chamas-preto-bcz162pt#primaryimage\"},\"image\":{\"@id\":\"https:\/\/macaricohonest.com.br\/?product=macarico-honest-com-2-chamas-preto-bcz162pt#primaryimage\"},\"thumbnailUrl\":\"https:\/\/macaricohonest.com.br\/wp-content\/uploads\/2019\/12\/337-54.png\",\"datePublished\":\"2025-04-02T20:39:34+00:00\",\"dateModified\":\"2026-04-15T13:32:43+00:00\",\"description\":\"Ma\u00e7arico para charuto com 2 chamas, preto com qualidade Honest. Recarreg\u00e1vel a g\u00e1s butano e chama ajust\u00e1vel.\",\"breadcrumb\":{\"@id\":\"https:\/\/macaricohonest.com.br\/?product=macarico-honest-com-2-chamas-preto-bcz162pt#breadcrumb\"},\"inLanguage\":\"pt-BR\",\"potentialAction\":[{\"@type\":\"ReadAction\",\"target\":[\"https:\/\/macaricohonest.com.br\/?product=macarico-honest-com-2-chamas-preto-bcz162pt\"]}]},{\"@type\":\"ImageObject\",\"inLanguage\":\"pt-BR\",\"@id\":\"https:\/\/macaricohonest.com.br\/?product=macarico-honest-com-2-chamas-preto-bcz162pt#primaryimage\",\"url\":\"https:\/\/macaricohonest.com.br\/wp-content\/uploads\/2019\/12\/337-54.png\",\"contentUrl\":\"https:\/\/macaricohonest.com.br\/wp-content\/uploads\/2019\/12\/337-54.png\",\"width\":1080,\"height\":1350},{\"@type\":\"BreadcrumbList\",\"@id\":\"https:\/\/macaricohonest.com.br\/?product=macarico-honest-com-2-chamas-preto-bcz162pt#breadcrumb\",\"itemListElement\":[{\"@type\":\"ListItem\",\"position\":1,\"name\":\"In\u00edcio\",\"item\":\"https:\/\/macaricohonest.com.br\/\"},{\"@type\":\"ListItem\",\"position\":2,\"name\":\"Ma\u00e7aricos e Isqueiros Honest\",\"item\":\"http:\/\/macaricohonest.com.br\/?page_id=902\"},{\"@type\":\"ListItem\",\"position\":3,\"name\":\"Ma\u00e7arico Honest 2 chamas, preto &#8211; BCZ162PT\"}]},{\"@type\":\"WebSite\",\"@id\":\"https:\/\/macaricohonest.com.br\/#website\",\"url\":\"https:\/\/macaricohonest.com.br\/\",\"name\":\"Ma\u00e7aricos e Isqueiros Honest\",\"description\":\"Loja especializada em Ma\u00e7aricos e Isqueiros Honest\",\"publisher\":{\"@id\":\"https:\/\/macaricohonest.com.br\/#organization\"},\"potentialAction\":[{\"@type\":\"SearchAction\",\"target\":{\"@type\":\"EntryPoint\",\"urlTemplate\":\"https:\/\/macaricohonest.com.br\/?s={search_term_string}\"},\"query-input\":{\"@type\":\"PropertyValueSpecification\",\"valueRequired\":true,\"valueName\":\"search_term_string\"}}],\"inLanguage\":\"pt-BR\"},{\"@type\":\"Organization\",\"@id\":\"https:\/\/macaricohonest.com.br\/#organization\",\"name\":\"Tabacaria Sweet - Loja de Headshop\",\"url\":\"https:\/\/macaricohonest.com.br\/\",\"logo\":{\"@type\":\"ImageObject\",\"inLanguage\":\"pt-BR\",\"@id\":\"https:\/\/macaricohonest.com.br\/#\/schema\/logo\/image\/\",\"url\":\"https:\/\/macaricohonest.com.br\/wp-content\/uploads\/2024\/10\/macaraicos-e-isqueiros-honest-loja-de-macaricos-online1.jpg\",\"contentUrl\":\"https:\/\/macaricohonest.com.br\/wp-content\/uploads\/2024\/10\/macaraicos-e-isqueiros-honest-loja-de-macaricos-online1.jpg\",\"width\":718,\"height\":113,\"caption\":\"Tabacaria Sweet - Loja de Headshop\"},\"image\":{\"@id\":\"https:\/\/macaricohonest.com.br\/#\/schema\/logo\/image\/\"},\"sameAs\":[\"https:\/\/www.instagram.com\/samandpeas\/\"]}]}<\/script>\n<!-- \/ Yoast SEO plugin. -->","yoast_head_json":{"title":"Ma\u00e7arico Honest com 2 chamas preto BCZ162PT","description":"Ma\u00e7arico para charuto com 2 chamas, preto com qualidade Honest. Recarreg\u00e1vel a g\u00e1s butano e chama ajust\u00e1vel.","robots":{"index":"index","follow":"follow","max-snippet":"max-snippet:-1","max-image-preview":"max-image-preview:large","max-video-preview":"max-video-preview:-1"},"canonical":"https:\/\/macaricohonest.com.br\/?product=macarico-honest-com-2-chamas-preto-bcz162pt","og_locale":"pt_BR","og_type":"article","og_title":"Ma\u00e7arico Honest com 2 chamas preto BCZ162PT","og_description":"Ma\u00e7arico para charuto com 2 chamas, preto com qualidade Honest. Recarreg\u00e1vel a g\u00e1s butano e chama ajust\u00e1vel.","og_url":"https:\/\/macaricohonest.com.br\/?product=macarico-honest-com-2-chamas-preto-bcz162pt","og_site_name":"Ma\u00e7aricos e Isqueiros Honest","article_modified_time":"2026-04-15T13:32:43+00:00","og_image":[{"width":1080,"height":1350,"url":"https:\/\/macaricohonest.com.br\/wp-content\/uploads\/2019\/12\/337-54.png","type":"image\/png"}],"twitter_card":"summary_large_image","twitter_misc":{"Est. tempo de leitura":"1 minuto"},"schema":{"@context":"https:\/\/schema.org","@graph":[{"@type":"WebPage","@id":"https:\/\/macaricohonest.com.br\/?product=macarico-honest-com-2-chamas-preto-bcz162pt","url":"https:\/\/macaricohonest.com.br\/?product=macarico-honest-com-2-chamas-preto-bcz162pt","name":"Ma\u00e7arico Honest com 2 chamas preto BCZ162PT","isPartOf":{"@id":"https:\/\/macaricohonest.com.br\/#website"},"primaryImageOfPage":{"@id":"https:\/\/macaricohonest.com.br\/?product=macarico-honest-com-2-chamas-preto-bcz162pt#primaryimage"},"image":{"@id":"https:\/\/macaricohonest.com.br\/?product=macarico-honest-com-2-chamas-preto-bcz162pt#primaryimage"},"thumbnailUrl":"https:\/\/macaricohonest.com.br\/wp-content\/uploads\/2019\/12\/337-54.png","datePublished":"2025-04-02T20:39:34+00:00","dateModified":"2026-04-15T13:32:43+00:00","description":"Ma\u00e7arico para charuto com 2 chamas, preto com qualidade Honest. Recarreg\u00e1vel a g\u00e1s butano e chama ajust\u00e1vel.","breadcrumb":{"@id":"https:\/\/macaricohonest.com.br\/?product=macarico-honest-com-2-chamas-preto-bcz162pt#breadcrumb"},"inLanguage":"pt-BR","potentialAction":[{"@type":"ReadAction","target":["https:\/\/macaricohonest.com.br\/?product=macarico-honest-com-2-chamas-preto-bcz162pt"]}]},{"@type":"ImageObject","inLanguage":"pt-BR","@id":"https:\/\/macaricohonest.com.br\/?product=macarico-honest-com-2-chamas-preto-bcz162pt#primaryimage","url":"https:\/\/macaricohonest.com.br\/wp-content\/uploads\/2019\/12\/337-54.png","contentUrl":"https:\/\/macaricohonest.com.br\/wp-content\/uploads\/2019\/12\/337-54.png","width":1080,"height":1350},{"@type":"BreadcrumbList","@id":"https:\/\/macaricohonest.com.br\/?product=macarico-honest-com-2-chamas-preto-bcz162pt#breadcrumb","itemListElement":[{"@type":"ListItem","position":1,"name":"In\u00edcio","item":"https:\/\/macaricohonest.com.br\/"},{"@type":"ListItem","position":2,"name":"Ma\u00e7aricos e Isqueiros Honest","item":"http:\/\/macaricohonest.com.br\/?page_id=902"},{"@type":"ListItem","position":3,"name":"Ma\u00e7arico Honest 2 chamas, preto &#8211; BCZ162PT"}]},{"@type":"WebSite","@id":"https:\/\/macaricohonest.com.br\/#website","url":"https:\/\/macaricohonest.com.br\/","name":"Ma\u00e7aricos e Isqueiros Honest","description":"Loja especializada em Ma\u00e7aricos e Isqueiros Honest","publisher":{"@id":"https:\/\/macaricohonest.com.br\/#organization"},"potentialAction":[{"@type":"SearchAction","target":{"@type":"EntryPoint","urlTemplate":"https:\/\/macaricohonest.com.br\/?s={search_term_string}"},"query-input":{"@type":"PropertyValueSpecification","valueRequired":true,"valueName":"search_term_string"}}],"inLanguage":"pt-BR"},{"@type":"Organization","@id":"https:\/\/macaricohonest.com.br\/#organization","name":"Tabacaria Sweet - Loja de Headshop","url":"https:\/\/macaricohonest.com.br\/","logo":{"@type":"ImageObject","inLanguage":"pt-BR","@id":"https:\/\/macaricohonest.com.br\/#\/schema\/logo\/image\/","url":"https:\/\/macaricohonest.com.br\/wp-content\/uploads\/2024\/10\/macaraicos-e-isqueiros-honest-loja-de-macaricos-online1.jpg","contentUrl":"https:\/\/macaricohonest.com.br\/wp-content\/uploads\/2024\/10\/macaraicos-e-isqueiros-honest-loja-de-macaricos-online1.jpg","width":718,"height":113,"caption":"Tabacaria Sweet - Loja de Headshop"},"image":{"@id":"https:\/\/macaricohonest.com.br\/#\/schema\/logo\/image\/"},"sameAs":["https:\/\/www.instagram.com\/samandpeas\/"]}]}},"_links":{"self":[{"href":"https:\/\/macaricohonest.com.br\/index.php?rest_route=\/wp\/v2\/product\/8289","targetHints":{"allow":["GET"]}}],"collection":[{"href":"https:\/\/macaricohonest.com.br\/index.php?rest_route=\/wp\/v2\/product"}],"about":[{"href":"https:\/\/macaricohonest.com.br\/index.php?rest_route=\/wp\/v2\/types\/product"}],"wp:featuredmedia":[{"embeddable":true,"href":"https:\/\/macaricohonest.com.br\/index.php?rest_route=\/wp\/v2\/media\/20096"}],"wp:attachment":[{"href":"https:\/\/macaricohonest.com.br\/index.php?rest_route=%2Fwp%2Fv2%2Fmedia&parent=8289"}],"wp:term":[{"taxonomy":"product_brand","embeddable":true,"href":"https:\/\/macaricohonest.com.br\/index.php?rest_route=%2Fwp%2Fv2%2Fproduct_brand&post=8289"},{"taxonomy":"product_cat","embeddable":true,"href":"https:\/\/macaricohonest.com.br\/index.php?rest_route=%2Fwp%2Fv2%2Fproduct_cat&post=8289"},{"taxonomy":"product_tag","embeddable":true,"href":"https:\/\/macaricohonest.com.br\/index.php?rest_route=%2Fwp%2Fv2%2Fproduct_tag&post=8289"}],"curies":[{"name":"wp","href":"https:\/\/api.w.org\/{rel}","templated":true}]}}