{"id":27,"date":"2017-07-17T14:07:46","date_gmt":"2017-07-17T17:07:46","guid":{"rendered":"http:\/\/br234.teste.website\/~saman742\/index.php\/cart\/"},"modified":"2023-06-21T09:15:30","modified_gmt":"2023-06-21T12:15:30","slug":"meu-carrinho","status":"publish","type":"page","link":"https:\/\/macaricohonest.com.br\/?page_id=27","title":{"rendered":"Meu Carrinho"},"content":{"rendered":"\t\t<div data-elementor-type=\"wp-page\" data-elementor-id=\"27\" class=\"elementor elementor-27\" data-elementor-post-type=\"page\">\n\t\t\t\t\t\t<section class=\"elementor-section elementor-top-section elementor-element elementor-element-28d81241 elementor-section-boxed elementor-section-height-default elementor-section-height-default\" data-id=\"28d81241\" data-element_type=\"section\" data-e-type=\"section\">\n\t\t\t\t\t\t<div class=\"elementor-container elementor-column-gap-default\">\n\t\t\t\t\t<div class=\"elementor-column elementor-col-100 elementor-top-column elementor-element elementor-element-7a24bba1\" data-id=\"7a24bba1\" data-element_type=\"column\" data-e-type=\"column\">\n\t\t\t<div class=\"elementor-widget-wrap elementor-element-populated\">\n\t\t\t\t\t\t<div class=\"elementor-element elementor-element-60c3129 elementor-widget elementor-widget-heading\" data-id=\"60c3129\" data-element_type=\"widget\" data-e-type=\"widget\" data-widget_type=\"heading.default\">\n\t\t\t\t<div class=\"elementor-widget-container\">\n\t\t\t\t\t<h1 class=\"elementor-heading-title elementor-size-default\">Seu Carrinho de Compras<\/h1>\t\t\t\t<\/div>\n\t\t\t\t<\/div>\n\t\t\t\t\t<\/div>\n\t\t<\/div>\n\t\t\t\t\t<\/div>\n\t\t<\/section>\n\t\t<div class=\"elementor-element elementor-element-301077f e-flex e-con-boxed e-con e-parent\" data-id=\"301077f\" data-element_type=\"container\" data-e-type=\"container\">\n\t\t\t\t\t<div class=\"e-con-inner\">\n\t\t\t\t<div class=\"elementor-element elementor-element-bcd5802 elementor-widget elementor-widget-shortcode\" data-id=\"bcd5802\" data-element_type=\"widget\" data-e-type=\"widget\" data-widget_type=\"shortcode.default\">\n\t\t\t\t<div class=\"elementor-widget-container\">\n\t\t\t\t\t\t\t<div class=\"elementor-shortcode\"><div class=\"woocommerce\"><div class=\"woocommerce-notices-wrapper\"><\/div><div class=\"wc-empty-cart-message\">\n\t<div class=\"cart-empty woocommerce-info\">\n\t\tSeu carrinho est\u00e1 vazio.\t<\/div>\n<\/div>\t<p class=\"return-to-shop\">\n\t\t<a class=\"button wc-backward\" href=\"https:\/\/macaricohonest.com.br\/?page_id=902\">\n\t\t\tRetornar para a loja\t\t<\/a>\n\t<\/p>\n<\/div><\/div>\n\t\t\t\t\t\t<\/div>\n\t\t\t\t<\/div>\n\t\t\t\t<div class=\"elementor-element elementor-element-277539b elementor-widget elementor-widget-wc-elements\" data-id=\"277539b\" data-element_type=\"widget\" data-e-type=\"widget\" data-widget_type=\"wc-elements.default\">\n\t\t\t\t<div class=\"elementor-widget-container\">\n\t\t\t\t\t<div class=\"woocommerce\"><div class=\"woocommerce-notices-wrapper\"><\/div><\/div>\t\t\t\t<\/div>\n\t\t\t\t<\/div>\n\t\t\t\t\t<\/div>\n\t\t\t\t<\/div>\n\t\t\t\t<\/div>\n\t\t","protected":false},"excerpt":{"rendered":"<p>Seu Carrinho de Compras<\/p>\n","protected":false},"author":2589,"featured_media":0,"parent":0,"menu_order":0,"comment_status":"closed","ping_status":"closed","template":"elementor_header_footer","meta":{"inline_featured_image":false,"footnotes":""},"class_list":["post-27","page","type-page","status-publish","hentry","entry","owp-thumbs-layout-horizontal","owp-btn-normal","owp-tabs-layout-horizontal","has-no-thumbnails","has-product-nav","circle-sale"],"yoast_head":"<!-- This site is optimized with the Yoast SEO plugin v23.8 - https:\/\/yoast.com\/wordpress\/plugins\/seo\/ -->\n<title>Tabacaria e Headshop - Tabacaria Sweet | Loja de Narguil\u00e9s<\/title>\n<meta name=\"description\" content=\"Ma\u00e7aricos e Isqueiros Honest | Encontre seus Acess\u00f3rios para Cigarros | Cachimbos | Charutos e Headshops. Poss\u00faimos Bongs e Dichavadores\" \/>\n<meta name=\"robots\" content=\"index, follow, max-snippet:-1, max-image-preview:large, max-video-preview:-1\" \/>\n<link rel=\"canonical\" href=\"https:\/\/macaricohonest.com.br\/?page_id=27\" \/>\n<meta property=\"og:locale\" content=\"pt_BR\" \/>\n<meta property=\"og:type\" content=\"article\" \/>\n<meta property=\"og:title\" content=\"Tabacaria e Headshop - Tabacaria Sweet | Loja de Narguil\u00e9s\" \/>\n<meta property=\"og:description\" content=\"Ma\u00e7aricos e Isqueiros Honest | Encontre seus Acess\u00f3rios para Cigarros | Cachimbos | Charutos e Headshops. Poss\u00faimos Bongs e Dichavadores\" \/>\n<meta property=\"og:url\" content=\"https:\/\/macaricohonest.com.br\/?page_id=27\" \/>\n<meta property=\"og:site_name\" content=\"Ma\u00e7aricos e Isqueiros Honest\" \/>\n<meta property=\"article:modified_time\" content=\"2023-06-21T12:15:30+00:00\" \/>\n<meta name=\"twitter:card\" content=\"summary_large_image\" \/>\n<meta name=\"twitter:label1\" content=\"Est. tempo de leitura\" \/>\n\t<meta name=\"twitter:data1\" content=\"3 minutos\" \/>\n<script type=\"application\/ld+json\" class=\"yoast-schema-graph\">{\"@context\":\"https:\/\/schema.org\",\"@graph\":[{\"@type\":\"WebPage\",\"@id\":\"https:\/\/macaricohonest.com.br\/?page_id=27\",\"url\":\"https:\/\/macaricohonest.com.br\/?page_id=27\",\"name\":\"Tabacaria e Headshop - Tabacaria Sweet | Loja de Narguil\u00e9s\",\"isPartOf\":{\"@id\":\"https:\/\/macaricohonest.com.br\/#website\"},\"datePublished\":\"2017-07-17T17:07:46+00:00\",\"dateModified\":\"2023-06-21T12:15:30+00:00\",\"description\":\"Ma\u00e7aricos e Isqueiros Honest | Encontre seus Acess\u00f3rios para Cigarros | Cachimbos | Charutos e Headshops. Poss\u00faimos Bongs e Dichavadores\",\"breadcrumb\":{\"@id\":\"https:\/\/macaricohonest.com.br\/?page_id=27#breadcrumb\"},\"inLanguage\":\"pt-BR\",\"potentialAction\":[{\"@type\":\"ReadAction\",\"target\":[\"https:\/\/macaricohonest.com.br\/?page_id=27\"]}]},{\"@type\":\"BreadcrumbList\",\"@id\":\"https:\/\/macaricohonest.com.br\/?page_id=27#breadcrumb\",\"itemListElement\":[{\"@type\":\"ListItem\",\"position\":1,\"name\":\"In\u00edcio\",\"item\":\"https:\/\/macaricohonest.com.br\/\"},{\"@type\":\"ListItem\",\"position\":2,\"name\":\"Meu Carrinho\"}]},{\"@type\":\"WebSite\",\"@id\":\"https:\/\/macaricohonest.com.br\/#website\",\"url\":\"https:\/\/macaricohonest.com.br\/\",\"name\":\"Ma\u00e7aricos e Isqueiros Honest\",\"description\":\"Loja especializada em Ma\u00e7aricos e Isqueiros Honest\",\"publisher\":{\"@id\":\"https:\/\/macaricohonest.com.br\/#organization\"},\"potentialAction\":[{\"@type\":\"SearchAction\",\"target\":{\"@type\":\"EntryPoint\",\"urlTemplate\":\"https:\/\/macaricohonest.com.br\/?s={search_term_string}\"},\"query-input\":{\"@type\":\"PropertyValueSpecification\",\"valueRequired\":true,\"valueName\":\"search_term_string\"}}],\"inLanguage\":\"pt-BR\"},{\"@type\":\"Organization\",\"@id\":\"https:\/\/macaricohonest.com.br\/#organization\",\"name\":\"Tabacaria Sweet - Loja de Headshop\",\"url\":\"https:\/\/macaricohonest.com.br\/\",\"logo\":{\"@type\":\"ImageObject\",\"inLanguage\":\"pt-BR\",\"@id\":\"https:\/\/macaricohonest.com.br\/#\/schema\/logo\/image\/\",\"url\":\"https:\/\/macaricohonest.com.br\/wp-content\/uploads\/2024\/10\/macaraicos-e-isqueiros-honest-loja-de-macaricos-online1.jpg\",\"contentUrl\":\"https:\/\/macaricohonest.com.br\/wp-content\/uploads\/2024\/10\/macaraicos-e-isqueiros-honest-loja-de-macaricos-online1.jpg\",\"width\":718,\"height\":113,\"caption\":\"Tabacaria Sweet - Loja de Headshop\"},\"image\":{\"@id\":\"https:\/\/macaricohonest.com.br\/#\/schema\/logo\/image\/\"},\"sameAs\":[\"https:\/\/www.instagram.com\/samandpeas\/\"]}]}<\/script>\n<!-- \/ Yoast SEO plugin. -->","yoast_head_json":{"title":"Tabacaria e Headshop - Tabacaria Sweet | Loja de Narguil\u00e9s","description":"Ma\u00e7aricos e Isqueiros Honest | Encontre seus Acess\u00f3rios para Cigarros | Cachimbos | Charutos e Headshops. Poss\u00faimos Bongs e Dichavadores","robots":{"index":"index","follow":"follow","max-snippet":"max-snippet:-1","max-image-preview":"max-image-preview:large","max-video-preview":"max-video-preview:-1"},"canonical":"https:\/\/macaricohonest.com.br\/?page_id=27","og_locale":"pt_BR","og_type":"article","og_title":"Tabacaria e Headshop - Tabacaria Sweet | Loja de Narguil\u00e9s","og_description":"Ma\u00e7aricos e Isqueiros Honest | Encontre seus Acess\u00f3rios para Cigarros | Cachimbos | Charutos e Headshops. Poss\u00faimos Bongs e Dichavadores","og_url":"https:\/\/macaricohonest.com.br\/?page_id=27","og_site_name":"Ma\u00e7aricos e Isqueiros Honest","article_modified_time":"2023-06-21T12:15:30+00:00","twitter_card":"summary_large_image","twitter_misc":{"Est. tempo de leitura":"3 minutos"},"schema":{"@context":"https:\/\/schema.org","@graph":[{"@type":"WebPage","@id":"https:\/\/macaricohonest.com.br\/?page_id=27","url":"https:\/\/macaricohonest.com.br\/?page_id=27","name":"Tabacaria e Headshop - Tabacaria Sweet | Loja de Narguil\u00e9s","isPartOf":{"@id":"https:\/\/macaricohonest.com.br\/#website"},"datePublished":"2017-07-17T17:07:46+00:00","dateModified":"2023-06-21T12:15:30+00:00","description":"Ma\u00e7aricos e Isqueiros Honest | Encontre seus Acess\u00f3rios para Cigarros | Cachimbos | Charutos e Headshops. Poss\u00faimos Bongs e Dichavadores","breadcrumb":{"@id":"https:\/\/macaricohonest.com.br\/?page_id=27#breadcrumb"},"inLanguage":"pt-BR","potentialAction":[{"@type":"ReadAction","target":["https:\/\/macaricohonest.com.br\/?page_id=27"]}]},{"@type":"BreadcrumbList","@id":"https:\/\/macaricohonest.com.br\/?page_id=27#breadcrumb","itemListElement":[{"@type":"ListItem","position":1,"name":"In\u00edcio","item":"https:\/\/macaricohonest.com.br\/"},{"@type":"ListItem","position":2,"name":"Meu Carrinho"}]},{"@type":"WebSite","@id":"https:\/\/macaricohonest.com.br\/#website","url":"https:\/\/macaricohonest.com.br\/","name":"Ma\u00e7aricos e Isqueiros Honest","description":"Loja especializada em Ma\u00e7aricos e Isqueiros Honest","publisher":{"@id":"https:\/\/macaricohonest.com.br\/#organization"},"potentialAction":[{"@type":"SearchAction","target":{"@type":"EntryPoint","urlTemplate":"https:\/\/macaricohonest.com.br\/?s={search_term_string}"},"query-input":{"@type":"PropertyValueSpecification","valueRequired":true,"valueName":"search_term_string"}}],"inLanguage":"pt-BR"},{"@type":"Organization","@id":"https:\/\/macaricohonest.com.br\/#organization","name":"Tabacaria Sweet - Loja de Headshop","url":"https:\/\/macaricohonest.com.br\/","logo":{"@type":"ImageObject","inLanguage":"pt-BR","@id":"https:\/\/macaricohonest.com.br\/#\/schema\/logo\/image\/","url":"https:\/\/macaricohonest.com.br\/wp-content\/uploads\/2024\/10\/macaraicos-e-isqueiros-honest-loja-de-macaricos-online1.jpg","contentUrl":"https:\/\/macaricohonest.com.br\/wp-content\/uploads\/2024\/10\/macaraicos-e-isqueiros-honest-loja-de-macaricos-online1.jpg","width":718,"height":113,"caption":"Tabacaria Sweet - Loja de Headshop"},"image":{"@id":"https:\/\/macaricohonest.com.br\/#\/schema\/logo\/image\/"},"sameAs":["https:\/\/www.instagram.com\/samandpeas\/"]}]}},"_links":{"self":[{"href":"https:\/\/macaricohonest.com.br\/index.php?rest_route=\/wp\/v2\/pages\/27","targetHints":{"allow":["GET"]}}],"collection":[{"href":"https:\/\/macaricohonest.com.br\/index.php?rest_route=\/wp\/v2\/pages"}],"about":[{"href":"https:\/\/macaricohonest.com.br\/index.php?rest_route=\/wp\/v2\/types\/page"}],"author":[{"embeddable":true,"href":"https:\/\/macaricohonest.com.br\/index.php?rest_route=\/wp\/v2\/users\/2589"}],"replies":[{"embeddable":true,"href":"https:\/\/macaricohonest.com.br\/index.php?rest_route=%2Fwp%2Fv2%2Fcomments&post=27"}],"version-history":[{"count":0,"href":"https:\/\/macaricohonest.com.br\/index.php?rest_route=\/wp\/v2\/pages\/27\/revisions"}],"wp:attachment":[{"href":"https:\/\/macaricohonest.com.br\/index.php?rest_route=%2Fwp%2Fv2%2Fmedia&parent=27"}],"curies":[{"name":"wp","href":"https:\/\/api.w.org\/{rel}","templated":true}]}}